{"id":9,"date":"2014-01-26T18:56:51","date_gmt":"2014-01-26T18:56:51","guid":{"rendered":"http:\/\/olf-soeren-hess.de\/?page_id=9"},"modified":"2015-11-18T17:19:21","modified_gmt":"2015-11-18T17:19:21","slug":"coaching-2","status":"publish","type":"page","link":"https:\/\/olf-soeren-hess.de\/?page_id=9","title":{"rendered":"Coaching"},"content":{"rendered":"<p>Fragst Du Dich manchmal, wann Du so leben kannst, wie Du es Dir vorstellst?<\/p>\n<p>Wenn Dich Probleme und Konflikte belasten, ich kenne einen Weg sie aufzul\u00f6sen.<\/p>\n<p>Ich helfe Dir die Probleme zu erkennen, Deinen Weg zur L\u00f6sung zu finden und die Belastung ein f\u00fcr alle mal abzulegen.<\/p>\n<p>Wenn dich Dich irgendwas auf Deinem Weg zum Erfolg\u00a0bremst, kannst Du diese Hindernisse beseitigen.<\/p>\n<p>Dabei k\u00f6nnte es so sein:<\/p>\n<ul>\n<li>Du hast bei den wichtigsten Bereichen in Deinem Leben die \u00dcbersicht, erkennst, wie es jeden Tag besser wird.<\/li>\n<li>Du f\u00fchlst dich wohl, hast Spa\u00df und bist unbeschwert.<\/li>\n<li>Du sp\u00fcrst einen Sinn in Deinem Leben, privat und beruflich.<\/li>\n<li>Deine neuen Erkenntnisse verschaffen Dir mehr Freiraum.<\/li>\n<\/ul>\n<ul>\n<li>Du kannst neue Ideen f\u00fcr Dein Leben finden und konkretisieren.<\/li>\n<\/ul>\n<p>Nutze meine strukturierte und systematische Vorgehensweise zur L\u00f6sung Deiner Probleme und um Ver\u00e4nderungen in die richtige Richtung zu bewirken.<\/p>\n<p>Nutze Deine M\u00f6glichkeiten. Eventuell \u00fcbersiehst Du die St\u00e4rken, die Dir den entscheidenden Vorteil verschaffen.<\/p>\n<p>Als externer Berater habe ich durch meine Sicht von au\u00dfen einen anderen Blickwinkel.<\/p>\n","protected":false},"excerpt":{"rendered":"<p>Fragst Du Dich manchmal, wann Du so leben kannst, wie Du es Dir vorstellst? Wenn Dich Probleme und Konflikte belasten, ich kenne einen Weg sie aufzul\u00f6sen. Ich helfe Dir die Probleme zu erkennen, Deinen Weg zur L\u00f6sung zu finden und die Belastung ein f\u00fcr alle mal abzulegen. Wenn dich Dich irgendwas auf Deinem Weg zum [&hellip;]<\/p>\n","protected":false},"author":1,"featured_media":0,"parent":30,"menu_order":0,"comment_status":"closed","ping_status":"open","template":"","meta":{"om_disable_all_campaigns":false,"_monsterinsights_skip_tracking":false,"_monsterinsights_sitenote_active":false,"_monsterinsights_sitenote_note":"","_monsterinsights_sitenote_category":0,"_uf_show_specific_survey":0,"_uf_disable_surveys":false,"footnotes":""},"class_list":["post-9","page","type-page","status-publish","hentry","post"],"aioseo_notices":[],"_links":{"self":[{"href":"https:\/\/olf-soeren-hess.de\/index.php?rest_route=\/wp\/v2\/pages\/9","targetHints":{"allow":["GET"]}}],"collection":[{"href":"https:\/\/olf-soeren-hess.de\/index.php?rest_route=\/wp\/v2\/pages"}],"about":[{"href":"https:\/\/olf-soeren-hess.de\/index.php?rest_route=\/wp\/v2\/types\/page"}],"author":[{"embeddable":true,"href":"https:\/\/olf-soeren-hess.de\/index.php?rest_route=\/wp\/v2\/users\/1"}],"replies":[{"embeddable":true,"href":"https:\/\/olf-soeren-hess.de\/index.php?rest_route=%2Fwp%2Fv2%2Fcomments&post=9"}],"version-history":[{"count":7,"href":"https:\/\/olf-soeren-hess.de\/index.php?rest_route=\/wp\/v2\/pages\/9\/revisions"}],"predecessor-version":[{"id":338,"href":"https:\/\/olf-soeren-hess.de\/index.php?rest_route=\/wp\/v2\/pages\/9\/revisions\/338"}],"up":[{"embeddable":true,"href":"https:\/\/olf-soeren-hess.de\/index.php?rest_route=\/wp\/v2\/pages\/30"}],"wp:attachment":[{"href":"https:\/\/olf-soeren-hess.de\/index.php?rest_route=%2Fwp%2Fv2%2Fmedia&parent=9"}],"curies":[{"name":"wp","href":"https:\/\/api.w.org\/{rel}","templated":true}]}}