{"id":68,"date":"2015-01-01T17:09:22","date_gmt":"2015-01-01T17:09:22","guid":{"rendered":"http:\/\/olf-soeren-hess.de\/?page_id=68"},"modified":"2025-03-18T09:47:28","modified_gmt":"2025-03-18T09:47:28","slug":"beratung-interim-instandhaltung","status":"publish","type":"page","link":"https:\/\/olf-soeren-hess.de\/?page_id=68","title":{"rendered":"abgeteilte Instandhaltung, oder wie Sie ungenutztes Potenzial nutzen"},"content":{"rendered":"<p>Instandhalter haben eine verantwortungsvolle Aufgabe im Unternehmen. Ihre Arbeit erfordert viel Wissen und Erfahrung. Viele Instandhalter sind \u00fcber die Berufsausbildung zur Instandhaltung gekommen. Fachlich kompetent, aber nicht ausgebildet im Umgang mit Organisationen und produktiven Systemen. Das f\u00fchrt zu vermeidbaren Konflikten und Entscheidung, die nicht zum maximalen Erfolg des Unternehmens beitragen.<\/p>\n<p>Um im Unternehmen noch wirksamer zu werden, halte ich Kenntnisse \u00fcber den Zusammenhang von Ursachen und Wirkung von Systemen f\u00fcr elementar. Dabei geht es nicht nur um technische Systeme. Ich beziehe in meine Betrachtung auch organisatorische und psychologische Aspekte mit ein. Besonders die Bedeutung des Engpass in Ihrem Produktionssystem wird oft nicht konsequent umgesetzt. Damit habe ich langj\u00e4hrige Erfahrung und die Anwendung der neuen Erkenntnisse zeigt gro\u00dfe Wirkung.<\/p>\n<p>Das ist auch der Ansatz f\u00fcr die engpassorientierte Instandhaltungsstrategie. Ich nenne den Ansatz auch <strong>Instandhaltung mit System<\/strong>. Die L\u00f6sungen sind mehrfach erprobt und f\u00fchren zu nachweisbaren Produktivit\u00e4tssteigerungen.<\/p>\n<p>Haben Sie Interesse? Es gibt ein aktuelles Arbeitspapier, das kann ich Ihnen zusenden.<\/p>\n<p>Es liefert Ihren Instandhaltern eine \u00dcbersicht \u00fcber die Materialfl\u00fcsse im Unternehmen und ist die Basis f\u00fcr wirksame Verbesserungen.<\/p>\n<p>Ich stehe gerne f\u00fcr R\u00fcckfragen zur Verf\u00fcgung.<\/p>\n<p><a title=\"Kontakt\" href=\"https:\/\/olf-soeren-hess.de\/?page_id=27\">Kontakt<\/a><br \/>\n<a href=\"https:\/\/www.xing.com\/profile\/OlfSoeren_Hess\" target=\"_blank\" rel=\"me noopener\"><img loading=\"lazy\" decoding=\"async\" class=\"alignnone\" src=\"https:\/\/www.xing.com\/img\/buttons\/9_de_btn.gif\" alt=\"Xing: Olf-S\u00f6ren He\u00df\" width=\"80\" height=\"15\" \/><\/a><\/p>\n","protected":false},"excerpt":{"rendered":"<p>Instandhalter haben eine verantwortungsvolle Aufgabe im Unternehmen. Ihre Arbeit erfordert viel Wissen und Erfahrung. Viele Instandhalter sind \u00fcber die Berufsausbildung zur Instandhaltung gekommen. Fachlich kompetent, aber nicht ausgebildet im Umgang mit Organisationen und produktiven Systemen. Das f\u00fchrt zu vermeidbaren Konflikten und Entscheidung, die nicht zum maximalen Erfolg des Unternehmens beitragen. Um im Unternehmen noch wirksamer [&hellip;]<\/p>\n","protected":false},"author":1,"featured_media":0,"parent":30,"menu_order":0,"comment_status":"closed","ping_status":"open","template":"","meta":{"om_disable_all_campaigns":false,"_monsterinsights_skip_tracking":false,"_monsterinsights_sitenote_active":false,"_monsterinsights_sitenote_note":"","_monsterinsights_sitenote_category":0,"_uf_show_specific_survey":0,"_uf_disable_surveys":false,"footnotes":""},"class_list":["post-68","page","type-page","status-publish","hentry","post"],"aioseo_notices":[],"_links":{"self":[{"href":"https:\/\/olf-soeren-hess.de\/index.php?rest_route=\/wp\/v2\/pages\/68","targetHints":{"allow":["GET"]}}],"collection":[{"href":"https:\/\/olf-soeren-hess.de\/index.php?rest_route=\/wp\/v2\/pages"}],"about":[{"href":"https:\/\/olf-soeren-hess.de\/index.php?rest_route=\/wp\/v2\/types\/page"}],"author":[{"embeddable":true,"href":"https:\/\/olf-soeren-hess.de\/index.php?rest_route=\/wp\/v2\/users\/1"}],"replies":[{"embeddable":true,"href":"https:\/\/olf-soeren-hess.de\/index.php?rest_route=%2Fwp%2Fv2%2Fcomments&post=68"}],"version-history":[{"count":29,"href":"https:\/\/olf-soeren-hess.de\/index.php?rest_route=\/wp\/v2\/pages\/68\/revisions"}],"predecessor-version":[{"id":856,"href":"https:\/\/olf-soeren-hess.de\/index.php?rest_route=\/wp\/v2\/pages\/68\/revisions\/856"}],"up":[{"embeddable":true,"href":"https:\/\/olf-soeren-hess.de\/index.php?rest_route=\/wp\/v2\/pages\/30"}],"wp:attachment":[{"href":"https:\/\/olf-soeren-hess.de\/index.php?rest_route=%2Fwp%2Fv2%2Fmedia&parent=68"}],"curies":[{"name":"wp","href":"https:\/\/api.w.org\/{rel}","templated":true}]}}