{"id":582,"date":"2019-12-17T09:52:53","date_gmt":"2019-12-17T09:52:53","guid":{"rendered":"http:\/\/olf-soeren-hess.de\/?page_id=582"},"modified":"2020-05-12T07:48:06","modified_gmt":"2020-05-12T07:48:06","slug":"angebot-analyse-und-konzept-instandhaltung","status":"publish","type":"page","link":"https:\/\/olf-soeren-hess.de\/?page_id=582","title":{"rendered":"Angebot Analyse und Strategie f\u00fcr Ihre Instandhaltung"},"content":{"rendered":"\n<p>Heutige Instandhaltung bewegt sich im Spannungsfeld Kosten und Aufwand. Dabei ist das Ausschlaggebende immer der Produktionsfluss. Der Output, der Durchsatz, die Verk\u00e4ufe, die der Kunde zahlt, bringt Geld in das Unternehmen. Das sichert das \u00dcberleben und erm\u00f6glicht die Umsetzung weiterer Ziele.<\/p>\n<p>Dieses Denken wieder in das Bewu\u00dftsein zu holen, die Prozesse der Instandhaltung darauf abzustimmen und die M\u00f6glichkeiten zu schaffen, das alle Beteiligten ihr Wissen und K\u00f6nnen einsetzen k\u00f6nnen, ist mein Anspruch.<\/p>\n<p>Dabei beobachte ich, das sich viele Verbesserungen in der Instandhaltung auf die Abl\u00e4ufe, auf die Prozesse beziehen. Klar diese sind gut zu strukturieren. Der Ablauf ist ja auch meistens der Gleiche.<\/p>\n<p>Dabei bleibt das K\u00f6nnen der Mitarbeiter jedoch oft unbemerkt. Das Wissen aus vielf\u00e4ltigen Interessen, die Erfahrungen aus vielen Reparaturen, die Denkweise einen schwer zu lokalisierenden Fehler zu finden, das macht mindestens genauso viel aus, wie gut organisierte Prozesse. Die F\u00e4higkeit auch unter Druck richtige Entscheidungen treffen zu k\u00f6nnen und f\u00fcr sich f\u00fcr eine wichtige Reparatur voll in Zeug zu legen, h\u00e4ngt von vielen Faktoren ab.<\/p>\n<p>Aber nur wenige sind entscheidend. Lassen Sie uns diese gemeinsam sehen und verbessern.<\/p>\n<p><u>Kennenlernangebot: <\/u>Analyse und Konzept Instandhaltung, Einsatz 3 Tage<\/p>\n<ul>\n<li>Analyse der Produktionsprozesse unter Nutzung von Wertstromdesign und Engpasstheorie<\/li>\n<li>Analyse der Verf\u00fcgbarkeit von Anlagen, Maschinen und Automatisierungstechnik<\/li>\n<li>Grobe St\u00e4rken &#8211; Schw\u00e4chen &#8211; Analyse<\/li>\n<li>Erste Vorschl\u00e4ge zur Verbesserungen Instandhaltung<\/li>\n<\/ul>\n<p><em>Pauschalpreis\u00a0\u00a0\u00a0\u00a0\u00a0\u00a0\u00a0\u00a0\u00a0\u00a0\u00a0\u00a0\u00a0\u00a0\u00a0\u00a0\u00a0\u00a0\u00a0\u00a0\u00a0\u00a0\u00a0\u00a0\u00a0\u00a0\u00a0\u00a0\u00a0\u00a0\u00a0\u00a0\u00a0\u00a0\u00a0\u00a0\u00a0\u00a0\u00a0\u00a0\u00a0\u00a0\u00a0\u00a0\u00a0\u00a0\u00a0\u00a0\u00a0\u00a0\u00a0\u00a0\u00a0\u00a0\u00a0\u00a0\u00a0\u00a0\u00a0\u00a0\u00a0\u00a0\u00a0\u00a0\u00a0\u00a0\u00a0\u00a0\u00a0\u00a0\u00a0\u00a0\u00a0\u00a0\u00a0\u00a0\u00a0\u00a0\u00a0\u00a0\u00a0\u00a0\u00a0\u00a0\u00a0\u00a0\u00a0\u00a0\u00a0\u00a0\u00a0\u00a0 1900,- \u20ac netto<\/em><\/p>\n<p>Ich stehe gerne f\u00fcr Anfragen zur Verf\u00fcgung.<\/p>\n<p><a href=\"https:\/\/olf-soeren-hess.de\/?page_id=27\">Kontakt:<\/a> Dipl. Ing.(FH) Olf-S\u00f6ren He\u00df Tel. 0176 \/ 95621227<\/p>\n","protected":false},"excerpt":{"rendered":"<p>Heutige Instandhaltung bewegt sich im Spannungsfeld Kosten und Aufwand. Dabei ist das Ausschlaggebende immer der Produktionsfluss. Der Output, der Durchsatz, die Verk\u00e4ufe, die der Kunde zahlt, bringt Geld in das Unternehmen. Das sichert das \u00dcberleben und erm\u00f6glicht die Umsetzung weiterer Ziele. Dieses Denken wieder in das Bewu\u00dftsein zu holen, die Prozesse der Instandhaltung darauf abzustimmen [&hellip;]<\/p>\n","protected":false},"author":1,"featured_media":491,"parent":30,"menu_order":0,"comment_status":"closed","ping_status":"closed","template":"","meta":{"om_disable_all_campaigns":false,"_monsterinsights_skip_tracking":false,"_monsterinsights_sitenote_active":false,"_monsterinsights_sitenote_note":"","_monsterinsights_sitenote_category":0,"_uf_show_specific_survey":0,"_uf_disable_surveys":false,"footnotes":""},"class_list":["post-582","page","type-page","status-publish","has-post-thumbnail","hentry","post","post-with-thumbnail","post-with-thumbnail-large"],"aioseo_notices":[],"_links":{"self":[{"href":"https:\/\/olf-soeren-hess.de\/index.php?rest_route=\/wp\/v2\/pages\/582","targetHints":{"allow":["GET"]}}],"collection":[{"href":"https:\/\/olf-soeren-hess.de\/index.php?rest_route=\/wp\/v2\/pages"}],"about":[{"href":"https:\/\/olf-soeren-hess.de\/index.php?rest_route=\/wp\/v2\/types\/page"}],"author":[{"embeddable":true,"href":"https:\/\/olf-soeren-hess.de\/index.php?rest_route=\/wp\/v2\/users\/1"}],"replies":[{"embeddable":true,"href":"https:\/\/olf-soeren-hess.de\/index.php?rest_route=%2Fwp%2Fv2%2Fcomments&post=582"}],"version-history":[{"count":6,"href":"https:\/\/olf-soeren-hess.de\/index.php?rest_route=\/wp\/v2\/pages\/582\/revisions"}],"predecessor-version":[{"id":679,"href":"https:\/\/olf-soeren-hess.de\/index.php?rest_route=\/wp\/v2\/pages\/582\/revisions\/679"}],"up":[{"embeddable":true,"href":"https:\/\/olf-soeren-hess.de\/index.php?rest_route=\/wp\/v2\/pages\/30"}],"wp:featuredmedia":[{"embeddable":true,"href":"https:\/\/olf-soeren-hess.de\/index.php?rest_route=\/wp\/v2\/media\/491"}],"wp:attachment":[{"href":"https:\/\/olf-soeren-hess.de\/index.php?rest_route=%2Fwp%2Fv2%2Fmedia&parent=582"}],"curies":[{"name":"wp","href":"https:\/\/api.w.org\/{rel}","templated":true}]}}