{"id":30,"date":"2014-01-26T20:24:00","date_gmt":"2014-01-26T20:24:00","guid":{"rendered":"http:\/\/olf-soeren-hess.de\/?page_id=30"},"modified":"2025-03-18T08:59:58","modified_gmt":"2025-03-18T08:59:58","slug":"angebot","status":"publish","type":"page","link":"https:\/\/olf-soeren-hess.de\/?page_id=30","title":{"rendered":"Ein Experte f\u00fcr Sie &#8211; mein Angebot"},"content":{"rendered":"<p>Ich stehe gerne f\u00fcr projektbezogene freie T\u00e4tigkeit zur Verf\u00fcgung:<\/p>\n<ul>\n<li>Steigerung der Produktion mit Lean und TOC &#8211; ein unschlagbares Duo\n<ul>\n<li>DBR Drum-Buffer-Rope &#8211; verbessern Sie Ihr Produktionssteuerung<\/li>\n<li>den Engpass erkennen und besser nutzen<\/li>\n<li>Ihr Materialstrom &#8211; damit verdienen Sie Ihr Geld<\/li>\n<\/ul>\n<\/li>\n<li>\u00a0Instandhaltung\n<ul>\n<li><a href=\"https:\/\/olf-soeren-hess.de\/?page_id=68\">Fokussierung auf Ihre Produktions- und Unternehmensziele<\/a><\/li>\n<li><a href=\"https:\/\/olf-soeren-hess.de\/?page_id=258\">Interim<\/a> Management Instandhaltung<\/li>\n<li>Energieeinsatz optimieren<\/li>\n<\/ul>\n<\/li>\n<\/ul>\n<p>Mit \u00fcber 35 Jahren Erfahrung als Instandhaltungs- und Betriebsleiter in verschiedenen Branchen unterst\u00fctze ich Unternehmen dabei, ihre Produktion und Instandhaltung nicht nur effizienter zu gestalten, sondern sie als strategischen Hebel f\u00fcr Umsatzsteigerung zu nutzen. Durch eine Kombination aus praxisnaher Instandhaltungsoptimierung und den Prinzipien der <strong>Theory of Constraints (TOC)<\/strong> identifiziere ich systematische Engp\u00e4sse in der Produktion und erm\u00f6gliche so nachhaltige Verbesserungen.<\/p>\n<p>F\u00fcr eine Zusammenarbeit zu diesen Themen stehe ich Ihnen projektbezogen oder l\u00e4ngerfristig zur Verf\u00fcgung.<\/p>\n<p>Sehr gerne stehe ich Ihnen f\u00fcr ein erstes Telefonat oder auch einen kostenfreien Kennenlernbesuch zur Verf\u00fcgung.<\/p>\n<p>Mein aktueller Tagessatz liegt bei 1100 \u20ac, ist aber bei Bedarf verhandelbar.<\/p>\n<p><a href=\"https:\/\/www.xing.com\/profile\/OlfSoeren_Hess\" target=\"_blank\" rel=\"me noopener\"><img loading=\"lazy\" decoding=\"async\" src=\"https:\/\/www.xing.com\/img\/buttons\/9_de_btn.gif\" alt=\"Olf-S\u00f6ren He\u00df\" width=\"80\" height=\"15\" \/><\/a><\/p>\n","protected":false},"excerpt":{"rendered":"<p>Ich stehe gerne f\u00fcr projektbezogene freie T\u00e4tigkeit zur Verf\u00fcgung: Steigerung der Produktion mit Lean und TOC &#8211; ein unschlagbares Duo DBR Drum-Buffer-Rope &#8211; verbessern Sie Ihr Produktionssteuerung den Engpass erkennen und besser nutzen Ihr Materialstrom &#8211; damit verdienen Sie Ihr Geld \u00a0Instandhaltung Fokussierung auf Ihre Produktions- und Unternehmensziele Interim Management Instandhaltung Energieeinsatz optimieren Mit \u00fcber [&hellip;]<\/p>\n","protected":false},"author":1,"featured_media":0,"parent":0,"menu_order":0,"comment_status":"closed","ping_status":"open","template":"","meta":{"om_disable_all_campaigns":false,"_monsterinsights_skip_tracking":false,"_monsterinsights_sitenote_active":false,"_monsterinsights_sitenote_note":"","_monsterinsights_sitenote_category":0,"_uf_show_specific_survey":0,"_uf_disable_surveys":false,"footnotes":""},"class_list":["post-30","page","type-page","status-publish","hentry","post"],"aioseo_notices":[],"_links":{"self":[{"href":"https:\/\/olf-soeren-hess.de\/index.php?rest_route=\/wp\/v2\/pages\/30","targetHints":{"allow":["GET"]}}],"collection":[{"href":"https:\/\/olf-soeren-hess.de\/index.php?rest_route=\/wp\/v2\/pages"}],"about":[{"href":"https:\/\/olf-soeren-hess.de\/index.php?rest_route=\/wp\/v2\/types\/page"}],"author":[{"embeddable":true,"href":"https:\/\/olf-soeren-hess.de\/index.php?rest_route=\/wp\/v2\/users\/1"}],"replies":[{"embeddable":true,"href":"https:\/\/olf-soeren-hess.de\/index.php?rest_route=%2Fwp%2Fv2%2Fcomments&post=30"}],"version-history":[{"count":14,"href":"https:\/\/olf-soeren-hess.de\/index.php?rest_route=\/wp\/v2\/pages\/30\/revisions"}],"predecessor-version":[{"id":850,"href":"https:\/\/olf-soeren-hess.de\/index.php?rest_route=\/wp\/v2\/pages\/30\/revisions\/850"}],"wp:attachment":[{"href":"https:\/\/olf-soeren-hess.de\/index.php?rest_route=%2Fwp%2Fv2%2Fmedia&parent=30"}],"curies":[{"name":"wp","href":"https:\/\/api.w.org\/{rel}","templated":true}]}}