{"id":258,"date":"2015-03-10T20:40:12","date_gmt":"2015-03-10T20:40:12","guid":{"rendered":"http:\/\/olf-soeren-hess.de\/?page_id=258"},"modified":"2025-03-18T09:12:44","modified_gmt":"2025-03-18T09:12:44","slug":"interim-fuer-instandhaltung-und-produktion","status":"publish","type":"page","link":"https:\/\/olf-soeren-hess.de\/?page_id=258","title":{"rendered":"Interim in Instandhaltung, professionell und zuverl\u00e4ssig f\u00fcr Ihr Unternehmen"},"content":{"rendered":"<h3>Interim-Manager f\u00fcr Instandhaltung und Produktion<\/h3>\n<p><strong>Ben\u00f6tigen Sie sich einen Mitarbeiter, der sofort verf\u00fcgbar ist, der schwierige Probleme l\u00f6sen kann und und der in Ihrer Abteilung einen wirksamen Impuls zur Ver\u00e4nderung setzen kann?<\/strong><\/p>\n<p>Ihr betriebliches Management steuert die gesamten Prozesse und Abl\u00e4ufe. Wenn da eine wichtige Stelle l\u00e4ngere Zeit unbesetzt bleibt, sind Abl\u00e4ufe gest\u00f6rt und die Unternehmensziele in Gefahr.<\/p>\n<p>Mit meinen Fachkenntnissen in Elektrik\/ Elektronik, Maschinen &#8211; und Anlagen &#8211; <strong>Instandhaltung<\/strong> biete ich sowohl L\u00f6sungen f\u00fcr schwierige technische Probleme als auch eine neue Perspektive bei der Entwicklung der Instandhaltungsabteilung. Mit langj\u00e4hriger F\u00fchrungserfahrung kann ich mich schnell in die Rolle einfinden und<\/p>\n<p>Durch eine Kombination aus praxisnaher Instandhaltungsoptimierung und den Prinzipien der <strong>Theory of Constraints (TOC)<\/strong> identifiziere ich systematische Engp\u00e4sse in der Produktion und erm\u00f6gliche so nachhaltige Verbesserungen.<\/p>\n<p>Das funktioniert praxiserprobt am Besten mit \u00dcbersicht \u00fcber den gesamten Fertigungsprozess und mit dem Focus auf den jeweiligen Engpassprozess. Dann sind Instandhalter wirksam in die Produktion eingebunden.<\/p>\n<p>In der <strong>Produktion<\/strong> habe ich langj\u00e4hrige Erfahrung gesammelt, um anstehende Probleme nachhaltig zu l\u00f6sen. Dazu nutze ich f\u00fcr die Analyse der Wirkungszusammenh\u00e4nge mein Wissen aus Systemtheorie und Psychologie und wende zur Umsetzung Elemente aus g\u00e4ngigen Managementmethoden an.<\/p>\n<p>Mein besonderes Interesse liegt dabei auf m\u00f6glichen Entwicklungspotentialen, die ich durch den Focus auf den Engpass sehr zielgerichtet freisetzen kann.<\/p>\n<p>Oder m\u00f6chten Sie gerne einen Mitarbeiter besonders f\u00f6rdern, fachlich und kommunikativ, durch arbeitsplatznahe Kompetenzentwicklung.<\/p>\n<p>Von bisherigen Arbeitgebern wurde ich so eingesch\u00e4tzt:<\/p>\n<ul>\n<li>zielgerichtet und ergebnisorientiert<\/li>\n<li>ausgezeichnete Auffassungsgabe<\/li>\n<li>analytisches Denkverm\u00f6gen<\/li>\n<li>belastbar, umsetzungsorientiert<\/li>\n<li>hohe Arbeitsqualit\u00e4t<\/li>\n<li>strukturierte, sorgf\u00e4ltige Arbeitsweise<\/li>\n<li>kooperativer F\u00fchrungsstil<\/li>\n<\/ul>\n<p><a name=\"stellenbeschreibung\"><\/a>Zu meinen bisherigen Aufgaben geh\u00f6rte:<\/p>\n<ul>\n<li>F\u00fchrung und Verantwortung von Instandhaltung und Produktion<\/li>\n<li>Planung und Durchf\u00fchrung von Wartung und Reparatur von Maschinen und Anlagen<\/li>\n<li>Planung und Umsetzung verschiedenster Automatisierungsprojekte<\/li>\n<\/ul>\n<p>Folgende Kenntnisse und Erfahrungen\u00a0 :<\/p>\n<ul>\n<li>abgeschlossene Ausbildung als Elektriker, Elektro- und Elektronikingenieur<\/li>\n<li>Kenntnisse in der Personalf\u00fchrung, Kooperation mit anderen Abteilungen, stark prozessorientiert<\/li>\n<li>Kenntnisse und Erfahrungen in der Automobil- und Dienstleistungsbranche<\/li>\n<li>Belastbarkeit, Organisationstalent, Zuverl\u00e4ssigkeit, Qualit\u00e4tsbewusstsein, Kommunikationsf\u00e4higkeit,<\/li>\n<li>unternehmerisches Denken und Handeln<\/li>\n<li>Methodenkompetenz 5S, TPM, Lean und TOC (Theory of Constraints nach Dr. Goldratt)<\/li>\n<\/ul>\n<p>Nutzen Sie mein Angebot f\u00fcr Ihr Unternehmen, Ihr Risiko ist gering und Ihr Zugewinn sicher.<\/p>\n<p>Hier geht es zu den\u00a0 <a title=\"Kontakt\" href=\"https:\/\/olf-soeren-hess.de\/?page_id=27\" target=\"_blank\" rel=\"noopener\">Kontaktdaten&#8230;<\/a><br \/>\n<a href=\"https:\/\/www.xing.com\/profile\/OlfSoeren_Hess\" target=\"_blank\" rel=\"me noopener\"><img loading=\"lazy\" decoding=\"async\" src=\"https:\/\/www.xing.com\/img\/buttons\/9_de_btn.gif\" alt=\"Olf-S\u00f6ren He\u00df\" width=\"80\" height=\"15\" \/><\/a><\/p>\n","protected":false},"excerpt":{"rendered":"<p>Interim-Manager f\u00fcr Instandhaltung und Produktion Ben\u00f6tigen Sie sich einen Mitarbeiter, der sofort verf\u00fcgbar ist, der schwierige Probleme l\u00f6sen kann und und der in Ihrer Abteilung einen wirksamen Impuls zur Ver\u00e4nderung setzen kann? Ihr betriebliches Management steuert die gesamten Prozesse und Abl\u00e4ufe. Wenn da eine wichtige Stelle l\u00e4ngere Zeit unbesetzt bleibt, sind Abl\u00e4ufe gest\u00f6rt und die [&hellip;]<\/p>\n","protected":false},"author":1,"featured_media":0,"parent":30,"menu_order":0,"comment_status":"closed","ping_status":"open","template":"","meta":{"om_disable_all_campaigns":false,"_monsterinsights_skip_tracking":false,"_monsterinsights_sitenote_active":false,"_monsterinsights_sitenote_note":"","_monsterinsights_sitenote_category":0,"_uf_show_specific_survey":0,"_uf_disable_surveys":false,"footnotes":""},"class_list":["post-258","page","type-page","status-publish","hentry","post"],"aioseo_notices":[],"_links":{"self":[{"href":"https:\/\/olf-soeren-hess.de\/index.php?rest_route=\/wp\/v2\/pages\/258","targetHints":{"allow":["GET"]}}],"collection":[{"href":"https:\/\/olf-soeren-hess.de\/index.php?rest_route=\/wp\/v2\/pages"}],"about":[{"href":"https:\/\/olf-soeren-hess.de\/index.php?rest_route=\/wp\/v2\/types\/page"}],"author":[{"embeddable":true,"href":"https:\/\/olf-soeren-hess.de\/index.php?rest_route=\/wp\/v2\/users\/1"}],"replies":[{"embeddable":true,"href":"https:\/\/olf-soeren-hess.de\/index.php?rest_route=%2Fwp%2Fv2%2Fcomments&post=258"}],"version-history":[{"count":10,"href":"https:\/\/olf-soeren-hess.de\/index.php?rest_route=\/wp\/v2\/pages\/258\/revisions"}],"predecessor-version":[{"id":852,"href":"https:\/\/olf-soeren-hess.de\/index.php?rest_route=\/wp\/v2\/pages\/258\/revisions\/852"}],"up":[{"embeddable":true,"href":"https:\/\/olf-soeren-hess.de\/index.php?rest_route=\/wp\/v2\/pages\/30"}],"wp:attachment":[{"href":"https:\/\/olf-soeren-hess.de\/index.php?rest_route=%2Fwp%2Fv2%2Fmedia&parent=258"}],"curies":[{"name":"wp","href":"https:\/\/api.w.org\/{rel}","templated":true}]}}